{"id":415,"date":"2021-12-11T01:13:38","date_gmt":"2021-12-11T00:13:38","guid":{"rendered":"https:\/\/alps.testing-dev.one\/?page_id=415"},"modified":"2026-03-30T15:03:22","modified_gmt":"2026-03-30T13:03:22","slug":"professionnels","status":"publish","type":"page","link":"https:\/\/easyliner.eu\/fr\/professionnels\/","title":{"rendered":"Professionnels"},"content":{"rendered":"<p>Bienvenue \u00e0 la partie du site web consacr\u00e9e aux professionnels qui soutiennent les porteurs de dispositifs proth\u00e9tiques. Ici, vous trouverez de nombreuses ressources sp\u00e9cialement con\u00e7ues par ALPS, pour vous et votre activit\u00e9 : catalogues, instructions, tutoriels, outils pour faciliter la s\u00e9lection de produits et bien plus encore.<\/p>\n","protected":false},"excerpt":{"rendered":"<p>Bienvenue \u00e0 la partie du site web consacr\u00e9e aux professionnels qui soutiennent les porteurs de dispositifs proth\u00e9tiques. Ici, vous trouverez [&hellip;]<\/p>\n","protected":false},"author":1,"featured_media":1335,"parent":0,"menu_order":0,"comment_status":"closed","ping_status":"closed","template":"page-templates\/professionals.php","meta":{"_acf_changed":false,"inline_featured_image":false,"_genesis_hide_title":false,"_genesis_hide_breadcrumbs":false,"_genesis_hide_singular_image":false,"_genesis_hide_footer_widgets":false,"_genesis_custom_body_class":"","_genesis_custom_post_class":"","_genesis_layout":"full-width-content","footnotes":""},"acf":[],"_links":{"self":[{"href":"https:\/\/easyliner.eu\/fr\/wp-json\/wp\/v2\/pages\/415"}],"collection":[{"href":"https:\/\/easyliner.eu\/fr\/wp-json\/wp\/v2\/pages"}],"about":[{"href":"https:\/\/easyliner.eu\/fr\/wp-json\/wp\/v2\/types\/page"}],"author":[{"embeddable":true,"href":"https:\/\/easyliner.eu\/fr\/wp-json\/wp\/v2\/users\/1"}],"replies":[{"embeddable":true,"href":"https:\/\/easyliner.eu\/fr\/wp-json\/wp\/v2\/comments?post=415"}],"version-history":[{"count":88,"href":"https:\/\/easyliner.eu\/fr\/wp-json\/wp\/v2\/pages\/415\/revisions"}],"predecessor-version":[{"id":2758,"href":"https:\/\/easyliner.eu\/fr\/wp-json\/wp\/v2\/pages\/415\/revisions\/2758"}],"wp:featuredmedia":[{"embeddable":true,"href":"https:\/\/easyliner.eu\/fr\/wp-json\/wp\/v2\/media\/1335"}],"wp:attachment":[{"href":"https:\/\/easyliner.eu\/fr\/wp-json\/wp\/v2\/media?parent=415"}],"curies":[{"name":"wp","href":"https:\/\/api.w.org\/{rel}","templated":true}]}}