{"id":270,"date":"2021-12-06T22:12:20","date_gmt":"2021-12-06T21:12:20","guid":{"rendered":"https:\/\/alps.testing-dev.one\/?page_id=270"},"modified":"2022-05-04T15:21:55","modified_gmt":"2022-05-04T13:21:55","slug":"i-nostri-prodotti","status":"publish","type":"page","link":"https:\/\/easyliner.eu\/it\/i-nostri-prodotti\/","title":{"rendered":"I nostri prodotti"},"content":{"rendered":"<p>ALPS da pi\u00f9 di 30 anni si dedica alla progettazione e alla produzione di cuffie protesiche di altissima qualit\u00e0 per fornire agli utenti tutta la mobilit\u00e0 di cui hanno bisogno.<\/p>\n<p>Grazie alla sua dedizione all&#8217;innovazione, ALPS ha sviluppato altre soluzioni protesiche oltre alle cuffie, ispirandosi alla slogan che guida l&#8217;azienda dal 1988: Making Lives Better.<\/p>\n","protected":false},"excerpt":{"rendered":"<p>ALPS da pi\u00f9 di 30 anni si dedica alla progettazione e alla produzione di cuffie protesiche di altissima qualit\u00e0 per [&hellip;]<\/p>\n","protected":false},"author":1,"featured_media":0,"parent":0,"menu_order":0,"comment_status":"closed","ping_status":"closed","template":"page-templates\/our-products.php","meta":{"_acf_changed":false,"inline_featured_image":false,"_genesis_hide_title":false,"_genesis_hide_breadcrumbs":false,"_genesis_hide_singular_image":false,"_genesis_hide_footer_widgets":false,"_genesis_custom_body_class":"","_genesis_custom_post_class":"","_genesis_layout":"full-width-content","footnotes":""},"acf":[],"_links":{"self":[{"href":"https:\/\/easyliner.eu\/it\/wp-json\/wp\/v2\/pages\/270"}],"collection":[{"href":"https:\/\/easyliner.eu\/it\/wp-json\/wp\/v2\/pages"}],"about":[{"href":"https:\/\/easyliner.eu\/it\/wp-json\/wp\/v2\/types\/page"}],"author":[{"embeddable":true,"href":"https:\/\/easyliner.eu\/it\/wp-json\/wp\/v2\/users\/1"}],"replies":[{"embeddable":true,"href":"https:\/\/easyliner.eu\/it\/wp-json\/wp\/v2\/comments?post=270"}],"version-history":[{"count":5,"href":"https:\/\/easyliner.eu\/it\/wp-json\/wp\/v2\/pages\/270\/revisions"}],"predecessor-version":[{"id":1924,"href":"https:\/\/easyliner.eu\/it\/wp-json\/wp\/v2\/pages\/270\/revisions\/1924"}],"wp:attachment":[{"href":"https:\/\/easyliner.eu\/it\/wp-json\/wp\/v2\/media?parent=270"}],"curies":[{"name":"wp","href":"https:\/\/api.w.org\/{rel}","templated":true}]}}