{"id":1288,"date":"2022-04-04T13:27:45","date_gmt":"2022-04-04T11:27:45","guid":{"rendered":"https:\/\/easyliner.jumpgroup.it\/?page_id=1288"},"modified":"2022-12-16T20:19:05","modified_gmt":"2022-12-16T19:19:05","slug":"zestaw-do-mediow-spolecznosciowych","status":"publish","type":"page","link":"https:\/\/easyliner.eu\/pl\/specjalisci\/zestaw-do-mediow-spolecznosciowych\/","title":{"rendered":"Zestaw do medi\u00f3w spo\u0142eczno\u015bciowych"},"content":{"rendered":"","protected":false},"excerpt":{"rendered":"","protected":false},"author":5,"featured_media":0,"parent":415,"menu_order":14,"comment_status":"closed","ping_status":"closed","template":"page-templates\/digital-kit.php","meta":{"_acf_changed":false,"inline_featured_image":false,"_genesis_hide_title":false,"_genesis_hide_breadcrumbs":false,"_genesis_hide_singular_image":false,"_genesis_hide_footer_widgets":false,"_genesis_custom_body_class":"","_genesis_custom_post_class":"","_genesis_layout":"full-width-content","footnotes":""},"acf":[],"_links":{"self":[{"href":"https:\/\/easyliner.eu\/pl\/wp-json\/wp\/v2\/pages\/1288"}],"collection":[{"href":"https:\/\/easyliner.eu\/pl\/wp-json\/wp\/v2\/pages"}],"about":[{"href":"https:\/\/easyliner.eu\/pl\/wp-json\/wp\/v2\/types\/page"}],"author":[{"embeddable":true,"href":"https:\/\/easyliner.eu\/pl\/wp-json\/wp\/v2\/users\/5"}],"replies":[{"embeddable":true,"href":"https:\/\/easyliner.eu\/pl\/wp-json\/wp\/v2\/comments?post=1288"}],"version-history":[{"count":6,"href":"https:\/\/easyliner.eu\/pl\/wp-json\/wp\/v2\/pages\/1288\/revisions"}],"predecessor-version":[{"id":2594,"href":"https:\/\/easyliner.eu\/pl\/wp-json\/wp\/v2\/pages\/1288\/revisions\/2594"}],"up":[{"embeddable":true,"href":"https:\/\/easyliner.eu\/pl\/wp-json\/wp\/v2\/pages\/415"}],"wp:attachment":[{"href":"https:\/\/easyliner.eu\/pl\/wp-json\/wp\/v2\/media?parent=1288"}],"curies":[{"name":"wp","href":"https:\/\/api.w.org\/{rel}","templated":true}]}}