{"id":1697,"date":"2022-04-22T11:29:37","date_gmt":"2022-04-22T09:29:37","guid":{"rendered":"https:\/\/easyliner.test\/pl\/?page_id=1697"},"modified":"2022-12-16T20:16:43","modified_gmt":"2022-12-16T19:16:43","slug":"zestaw-do-odlewu","status":"publish","type":"page","link":"https:\/\/easyliner.eu\/pl\/specjalisci\/zestaw-do-odlewu\/","title":{"rendered":"Zestaw do odlewu"},"content":{"rendered":"<p>Wy\u015blij zam\u00f3wienie na nasz Zestaw do wykonania odlewu: komplet liner\u00f3w, kt\u00f3re mo\u017cesz wykorzysta\u0107 do wykonania odlewu gipsowego u\u017cytkownika, kt\u00f3ry przyspieszy i u\u0142atwi Twoj\u0105 prac\u0119.<\/p>\n","protected":false},"excerpt":{"rendered":"<p>Wy\u015blij zam\u00f3wienie na nasz Zestaw do wykonania odlewu: komplet liner\u00f3w, kt\u00f3re mo\u017cesz wykorzysta\u0107 do wykonania odlewu gipsowego u\u017cytkownika, kt\u00f3ry przyspieszy [&hellip;]<\/p>\n","protected":false},"author":3,"featured_media":0,"parent":415,"menu_order":13,"comment_status":"closed","ping_status":"closed","template":"page-templates\/casting-kit.php","meta":{"_acf_changed":false,"inline_featured_image":false,"_genesis_hide_title":false,"_genesis_hide_breadcrumbs":false,"_genesis_hide_singular_image":false,"_genesis_hide_footer_widgets":false,"_genesis_custom_body_class":"","_genesis_custom_post_class":"","_genesis_layout":"","footnotes":""},"acf":[],"_links":{"self":[{"href":"https:\/\/easyliner.eu\/pl\/wp-json\/wp\/v2\/pages\/1697"}],"collection":[{"href":"https:\/\/easyliner.eu\/pl\/wp-json\/wp\/v2\/pages"}],"about":[{"href":"https:\/\/easyliner.eu\/pl\/wp-json\/wp\/v2\/types\/page"}],"author":[{"embeddable":true,"href":"https:\/\/easyliner.eu\/pl\/wp-json\/wp\/v2\/users\/3"}],"replies":[{"embeddable":true,"href":"https:\/\/easyliner.eu\/pl\/wp-json\/wp\/v2\/comments?post=1697"}],"version-history":[{"count":12,"href":"https:\/\/easyliner.eu\/pl\/wp-json\/wp\/v2\/pages\/1697\/revisions"}],"predecessor-version":[{"id":2593,"href":"https:\/\/easyliner.eu\/pl\/wp-json\/wp\/v2\/pages\/1697\/revisions\/2593"}],"up":[{"embeddable":true,"href":"https:\/\/easyliner.eu\/pl\/wp-json\/wp\/v2\/pages\/415"}],"wp:attachment":[{"href":"https:\/\/easyliner.eu\/pl\/wp-json\/wp\/v2\/media?parent=1697"}],"curies":[{"name":"wp","href":"https:\/\/api.w.org\/{rel}","templated":true}]}}