{"id":1714,"date":"2022-04-22T18:24:56","date_gmt":"2022-04-22T16:24:56","guid":{"rendered":"https:\/\/easyliner.jumpgroup.it\/?page_id=1714"},"modified":"2023-02-06T12:51:59","modified_gmt":"2023-02-06T11:51:59","slug":"selektor-kodu-produktu","status":"publish","type":"page","link":"https:\/\/easyliner.eu\/pl\/selektor-kodu-produktu\/","title":{"rendered":"Selektor kodu produktu"},"content":{"rendered":"<h3><span style=\"color: #009d95;\">Skompletuj<\/span> zam\u00f3wienie<\/h3>\n<p>Nasz selektor kodu produktu sprawia, \u017ce<strong>\u0142atwo jest dokona\u0107 identyfikacji kodu<\/strong> <strong>produktu, kt\u00f3ry w najlepszy spos\u00f3b odpowiada potrzebom u\u017cytkownika<\/strong>, a z\u0142o\u017cenie zam\u00f3wienia staje si\u0119 proste i szybkie.<\/p>\n<p><strong>Je\u015bli jeste\u015b u\u017cytkownikiem produkt\u00f3w do protez<\/strong>, napisz do nas pod adresem <a href=\"mailto:info@easyliner.eu\" target=\"_blank\" rel=\"noreferrer noopener\">info@easyliner.eu,<\/a> a my pomo\u017cemy Ci znale\u017a\u0107 sklep ortopedyczny w Twojej okolicy, w kt\u00f3rym znajdziesz wszystkie produkty ALPS BioStep\u2122, kt\u00f3rych potrzebujesz.<\/p>\n","protected":false},"excerpt":{"rendered":"<p>Skompletuj zam\u00f3wienie Nasz selektor kodu produktu sprawia, \u017ce\u0142atwo jest dokona\u0107 identyfikacji kodu produktu, kt\u00f3ry w najlepszy spos\u00f3b odpowiada potrzebom u\u017cytkownika, [&hellip;]<\/p>\n","protected":false},"author":3,"featured_media":0,"parent":0,"menu_order":5,"comment_status":"closed","ping_status":"closed","template":"page-templates\/product-code-selector.php","meta":{"_acf_changed":false,"inline_featured_image":false,"_genesis_hide_title":false,"_genesis_hide_breadcrumbs":false,"_genesis_hide_singular_image":false,"_genesis_hide_footer_widgets":false,"_genesis_custom_body_class":"","_genesis_custom_post_class":"","_genesis_layout":"","footnotes":""},"acf":[],"_links":{"self":[{"href":"https:\/\/easyliner.eu\/pl\/wp-json\/wp\/v2\/pages\/1714"}],"collection":[{"href":"https:\/\/easyliner.eu\/pl\/wp-json\/wp\/v2\/pages"}],"about":[{"href":"https:\/\/easyliner.eu\/pl\/wp-json\/wp\/v2\/types\/page"}],"author":[{"embeddable":true,"href":"https:\/\/easyliner.eu\/pl\/wp-json\/wp\/v2\/users\/3"}],"replies":[{"embeddable":true,"href":"https:\/\/easyliner.eu\/pl\/wp-json\/wp\/v2\/comments?post=1714"}],"version-history":[{"count":6,"href":"https:\/\/easyliner.eu\/pl\/wp-json\/wp\/v2\/pages\/1714\/revisions"}],"predecessor-version":[{"id":2665,"href":"https:\/\/easyliner.eu\/pl\/wp-json\/wp\/v2\/pages\/1714\/revisions\/2665"}],"wp:attachment":[{"href":"https:\/\/easyliner.eu\/pl\/wp-json\/wp\/v2\/media?parent=1714"}],"curies":[{"name":"wp","href":"https:\/\/api.w.org\/{rel}","templated":true}]}}