{"id":210,"date":"2021-12-02T23:50:16","date_gmt":"2021-12-02T22:50:16","guid":{"rendered":"https:\/\/alps.testing-dev.one\/?page_id=210"},"modified":"2022-12-16T20:30:25","modified_gmt":"2022-12-16T19:30:25","slug":"webinar","status":"publish","type":"page","link":"https:\/\/easyliner.eu\/pl\/webinar\/","title":{"rendered":"Webinar"},"content":{"rendered":"<p><strong>M\u00f3wca<\/strong>: Pani Giulia Serio<\/p>\n<p> Linery do protez i zawieszenia odgrywaj\u0105 zasadnicz\u0105 rol\u0119 w zapewnianiu komfortu niezb\u0119dnego do tego, aby protez\u0119 mo\u017cna by\u0142o nosi\u0107 ca\u0142y dzie\u0144.<\/p>\n<p> Jak wi\u0119c wybra\u0107 najlepszy liner i zawieszenie dla danego u\u017cytkownika?<br \/>\n Dlaczego przy wyborze idealnego linera tak wa\u017cne jest, aby skoncentrowa\u0107 si\u0119 na cz\u0142owieku?<br \/>\n W jaki spos\u00f3b podwy\u017cszone podci\u015bnienie pomaga zwi\u0119kszy\u0107 komfort?<br \/>\n Tymi pytaniami zajmiemy si\u0119 podczas naszych warsztat\u00f3w, ale co wa\u017cniejsze, wyposa\u017cymy ci\u0119 w innowacyjne narz\u0119dzie wspomagaj\u0105ce wyb\u00f3r linera.<\/p>\n","protected":false},"excerpt":{"rendered":"<p>M\u00f3wca: Pani Giulia Serio Linery do protez i zawieszenia odgrywaj\u0105 zasadnicz\u0105 rol\u0119 w zapewnianiu komfortu niezb\u0119dnego do tego, aby protez\u0119 [&hellip;]<\/p>\n","protected":false},"author":1,"featured_media":1207,"parent":0,"menu_order":20,"comment_status":"closed","ping_status":"closed","template":"page-templates\/webinar.php","meta":{"_acf_changed":false,"inline_featured_image":false,"_genesis_hide_title":false,"_genesis_hide_breadcrumbs":false,"_genesis_hide_singular_image":false,"_genesis_hide_footer_widgets":false,"_genesis_custom_body_class":"","_genesis_custom_post_class":"","_genesis_layout":"full-width-content","footnotes":""},"acf":[],"_links":{"self":[{"href":"https:\/\/easyliner.eu\/pl\/wp-json\/wp\/v2\/pages\/210"}],"collection":[{"href":"https:\/\/easyliner.eu\/pl\/wp-json\/wp\/v2\/pages"}],"about":[{"href":"https:\/\/easyliner.eu\/pl\/wp-json\/wp\/v2\/types\/page"}],"author":[{"embeddable":true,"href":"https:\/\/easyliner.eu\/pl\/wp-json\/wp\/v2\/users\/1"}],"replies":[{"embeddable":true,"href":"https:\/\/easyliner.eu\/pl\/wp-json\/wp\/v2\/comments?post=210"}],"version-history":[{"count":25,"href":"https:\/\/easyliner.eu\/pl\/wp-json\/wp\/v2\/pages\/210\/revisions"}],"predecessor-version":[{"id":2598,"href":"https:\/\/easyliner.eu\/pl\/wp-json\/wp\/v2\/pages\/210\/revisions\/2598"}],"wp:featuredmedia":[{"embeddable":true,"href":"https:\/\/easyliner.eu\/pl\/wp-json\/wp\/v2\/media\/1207"}],"wp:attachment":[{"href":"https:\/\/easyliner.eu\/pl\/wp-json\/wp\/v2\/media?parent=210"}],"curies":[{"name":"wp","href":"https:\/\/api.w.org\/{rel}","templated":true}]}}