{"id":2509,"date":"2022-12-14T10:12:06","date_gmt":"2022-12-14T09:12:06","guid":{"rendered":"https:\/\/easyliner.eu\/?page_id=2509"},"modified":"2023-02-07T10:33:45","modified_gmt":"2023-02-07T09:33:45","slug":"prosthetic-socks-code-selector","status":"publish","type":"page","link":"https:\/\/easyliner.eu\/pl\/prosthetic-socks-code-selector\/","title":{"rendered":"Prosthetic Socks code selector"},"content":{"rendered":"<h3>Znajd\u017a w\u0142a\u015bciwy kod produktu<\/h3>\n<p style=\"font-weight: 400;\">Nasz selektor kod\u00f3w po\u0144czoch kikutowych z <strong>\u0142atwo\u015bci\u0105 pozwala odszuka\u0107 kod produktu<\/strong>, <strong>kt\u00f3ry najlepiej odpowiada<\/strong> <strong>potrzebom u\u017cytkownika<\/strong>, co sprawia, \u017ce z\u0142o\u017cenie zam\u00f3wienia jest szybkie i proste.<\/p>\n<p style=\"font-weight: 400;\"><strong>Je\u015bli jeste\u015b u\u017cytkownikiem produkt\u00f3w do protez, napisz do nas pod adresem<\/strong> <a href=\"mailto:info@easyliner.eu\">info@easyliner.eu<\/a>, a my pomo\u017cemy Ci znale\u017a\u0107 sklep ortopedyczny w Twojej okolicy, w kt\u00f3rym znajdziesz wszystkie produkty ALPS, kt\u00f3rych potrzebujesz.<\/p>\n","protected":false},"excerpt":{"rendered":"<p>Znajd\u017a w\u0142a\u015bciwy kod produktu Nasz selektor kod\u00f3w po\u0144czoch kikutowych z \u0142atwo\u015bci\u0105 pozwala odszuka\u0107 kod produktu, kt\u00f3ry najlepiej odpowiada potrzebom u\u017cytkownika, [&hellip;]<\/p>\n","protected":false},"author":19,"featured_media":0,"parent":0,"menu_order":0,"comment_status":"closed","ping_status":"closed","template":"page-templates\/product-code-selector.php","meta":{"_acf_changed":false,"inline_featured_image":false,"_genesis_hide_title":false,"_genesis_hide_breadcrumbs":false,"_genesis_hide_singular_image":false,"_genesis_hide_footer_widgets":false,"_genesis_custom_body_class":"","_genesis_custom_post_class":"","_genesis_layout":"","footnotes":""},"acf":[],"_links":{"self":[{"href":"https:\/\/easyliner.eu\/pl\/wp-json\/wp\/v2\/pages\/2509"}],"collection":[{"href":"https:\/\/easyliner.eu\/pl\/wp-json\/wp\/v2\/pages"}],"about":[{"href":"https:\/\/easyliner.eu\/pl\/wp-json\/wp\/v2\/types\/page"}],"author":[{"embeddable":true,"href":"https:\/\/easyliner.eu\/pl\/wp-json\/wp\/v2\/users\/19"}],"replies":[{"embeddable":true,"href":"https:\/\/easyliner.eu\/pl\/wp-json\/wp\/v2\/comments?post=2509"}],"version-history":[{"count":5,"href":"https:\/\/easyliner.eu\/pl\/wp-json\/wp\/v2\/pages\/2509\/revisions"}],"predecessor-version":[{"id":2667,"href":"https:\/\/easyliner.eu\/pl\/wp-json\/wp\/v2\/pages\/2509\/revisions\/2667"}],"wp:attachment":[{"href":"https:\/\/easyliner.eu\/pl\/wp-json\/wp\/v2\/media?parent=2509"}],"curies":[{"name":"wp","href":"https:\/\/api.w.org\/{rel}","templated":true}]}}