{"id":2675,"date":"2023-02-13T08:46:37","date_gmt":"2023-02-13T07:46:37","guid":{"rendered":"https:\/\/easyliner.eu\/pl\/?page_id=2675"},"modified":"2023-02-13T08:46:37","modified_gmt":"2023-02-13T07:46:37","slug":"jak-dbac-o-kikut","status":"publish","type":"page","link":"https:\/\/easyliner.eu\/pl\/jak-dbac-o-kikut\/","title":{"rendered":"Jak dba\u0107 o kikut"},"content":{"rendered":"<p>W czasie bezpo\u015brednio po amputacji ko\u0144czyny personel medyczny dopilnuje tego, aby rana pooperacyjna zagoi\u0142a si\u0119 w\u0142a\u015bciwie i ca\u0142kowicie, m\u00f3wi\u0105c Ci co dok\u0142adnie powiniene\u015b robi\u0107. Po mini\u0119ciu okresu pooperacyjnego otrzymasz protez\u0119. Ten film pokazuje kilka prostych zasad, kt\u00f3rych zale\u017cy przestrzega\u0107 w ramach codziennej higieny, aby sk\u00f3r\u0119 i kikut utrzymywa\u0107 w dobrym stanie.<\/p>\n","protected":false},"excerpt":{"rendered":"<p>W czasie bezpo\u015brednio po amputacji ko\u0144czyny personel medyczny dopilnuje tego, aby rana pooperacyjna zagoi\u0142a si\u0119 w\u0142a\u015bciwie i ca\u0142kowicie, m\u00f3wi\u0105c Ci [&hellip;]<\/p>\n","protected":false},"author":21,"featured_media":0,"parent":0,"menu_order":0,"comment_status":"closed","ping_status":"closed","template":"page-templates\/video.php","meta":{"_acf_changed":false,"inline_featured_image":false,"_genesis_hide_title":false,"_genesis_hide_breadcrumbs":false,"_genesis_hide_singular_image":false,"_genesis_hide_footer_widgets":false,"_genesis_custom_body_class":"","_genesis_custom_post_class":"","_genesis_layout":"","footnotes":""},"acf":[],"_links":{"self":[{"href":"https:\/\/easyliner.eu\/pl\/wp-json\/wp\/v2\/pages\/2675"}],"collection":[{"href":"https:\/\/easyliner.eu\/pl\/wp-json\/wp\/v2\/pages"}],"about":[{"href":"https:\/\/easyliner.eu\/pl\/wp-json\/wp\/v2\/types\/page"}],"author":[{"embeddable":true,"href":"https:\/\/easyliner.eu\/pl\/wp-json\/wp\/v2\/users\/21"}],"replies":[{"embeddable":true,"href":"https:\/\/easyliner.eu\/pl\/wp-json\/wp\/v2\/comments?post=2675"}],"version-history":[{"count":1,"href":"https:\/\/easyliner.eu\/pl\/wp-json\/wp\/v2\/pages\/2675\/revisions"}],"predecessor-version":[{"id":2677,"href":"https:\/\/easyliner.eu\/pl\/wp-json\/wp\/v2\/pages\/2675\/revisions\/2677"}],"wp:attachment":[{"href":"https:\/\/easyliner.eu\/pl\/wp-json\/wp\/v2\/media?parent=2675"}],"curies":[{"name":"wp","href":"https:\/\/api.w.org\/{rel}","templated":true}]}}