{"id":2679,"date":"2023-02-13T08:48:09","date_gmt":"2023-02-13T07:48:09","guid":{"rendered":"https:\/\/easyliner.eu\/pl\/?page_id=2679"},"modified":"2023-02-13T08:48:09","modified_gmt":"2023-02-13T07:48:09","slug":"dbalosc-o-linery-i-kapy-alps","status":"publish","type":"page","link":"https:\/\/easyliner.eu\/pl\/dbalosc-o-linery-i-kapy-alps\/","title":{"rendered":"Dba\u0142o\u015b\u0107 o linery i kapy ALPS"},"content":{"rendered":"<p>Zasady utrzymania w czysto\u015bci kap kolanowych i liner\u00f3w Alps s\u0105 proste, ale te\u017c fundamentalne. Utrzymanie linera w czystym stanie zapobiega r\u00f3wnie\u017c problemom, kt\u00f3re mog\u0142yby si\u0119 pojawi\u0107 w dalszych cz\u0119\u015bciach kikuta. Ten film w kilku prostych krokach pokazuje jak post\u0119powa\u0107, aby utrzymywa\u0107 w czysto\u015bci kap\u0119 i liner do protez.<\/p>\n","protected":false},"excerpt":{"rendered":"<p>Zasady utrzymania w czysto\u015bci kap kolanowych i liner\u00f3w Alps s\u0105 proste, ale te\u017c fundamentalne. Utrzymanie linera w czystym stanie zapobiega [&hellip;]<\/p>\n","protected":false},"author":21,"featured_media":0,"parent":0,"menu_order":0,"comment_status":"closed","ping_status":"closed","template":"page-templates\/video.php","meta":{"_acf_changed":false,"inline_featured_image":false,"_genesis_hide_title":false,"_genesis_hide_breadcrumbs":false,"_genesis_hide_singular_image":false,"_genesis_hide_footer_widgets":false,"_genesis_custom_body_class":"","_genesis_custom_post_class":"","_genesis_layout":"","footnotes":""},"acf":[],"_links":{"self":[{"href":"https:\/\/easyliner.eu\/pl\/wp-json\/wp\/v2\/pages\/2679"}],"collection":[{"href":"https:\/\/easyliner.eu\/pl\/wp-json\/wp\/v2\/pages"}],"about":[{"href":"https:\/\/easyliner.eu\/pl\/wp-json\/wp\/v2\/types\/page"}],"author":[{"embeddable":true,"href":"https:\/\/easyliner.eu\/pl\/wp-json\/wp\/v2\/users\/21"}],"replies":[{"embeddable":true,"href":"https:\/\/easyliner.eu\/pl\/wp-json\/wp\/v2\/comments?post=2679"}],"version-history":[{"count":1,"href":"https:\/\/easyliner.eu\/pl\/wp-json\/wp\/v2\/pages\/2679\/revisions"}],"predecessor-version":[{"id":2680,"href":"https:\/\/easyliner.eu\/pl\/wp-json\/wp\/v2\/pages\/2679\/revisions\/2680"}],"wp:attachment":[{"href":"https:\/\/easyliner.eu\/pl\/wp-json\/wp\/v2\/media?parent=2679"}],"curies":[{"name":"wp","href":"https:\/\/api.w.org\/{rel}","templated":true}]}}