{"id":2681,"date":"2023-02-13T08:49:31","date_gmt":"2023-02-13T07:49:31","guid":{"rendered":"https:\/\/easyliner.eu\/pl\/?page_id=2681"},"modified":"2023-02-13T08:56:29","modified_gmt":"2023-02-13T07:56:29","slug":"tymczasowy-lej-z-pompa-v-i-p-firmy-alps","status":"publish","type":"page","link":"https:\/\/easyliner.eu\/pl\/tymczasowy-lej-z-pompa-v-i-p-firmy-alps\/","title":{"rendered":"Tymczasowy lej z pomp\u0105 V.I.P. firmy ALPS"},"content":{"rendered":"<p>Ogl\u0105daj\u0105c ten film dowiesz si\u0119, jak \u0142atwo jest zainstalowa\u0107 ALPS V.I.P. w tymczasowych lejach. System wymaga zastosowania kapy tworz\u0105cej zawieszenie, takiej jak ALPS SFX Flex w po\u0142\u0105czeniu z linerem pr\u00f3\u017cniowym lub linerem ALPS Smart Seal, aby utworzy\u0107 proksymalne uszczelnienie. Do wykonania tymczasowego leja u\u017cyli\u015bmy:<\/p>\n<ul>\n<li>V.I.P. Zintegrowana pompa pr\u00f3\u017cniowa \u2013 (Nr cz\u0119\u015bci VIP-DL).<\/li>\n<li>Za\u015blepka V.I.P. (Nr cz\u0119\u015bci VE319-D).<\/li>\n<li>V.I.P. P\u0142ytka monta\u017cowa (Nr cz\u0119\u015bci VE819-P)<\/li>\n<\/ul>\n<p>Adapter do leja ALPS z 4 otworami Zintegrowana pompa pr\u00f3\u017cniowa: Prostota nowoczesnej technologii<\/p>\n","protected":false},"excerpt":{"rendered":"<p>Ogl\u0105daj\u0105c ten film dowiesz si\u0119, jak \u0142atwo jest zainstalowa\u0107 ALPS V.I.P. w tymczasowych lejach. System wymaga zastosowania kapy tworz\u0105cej zawieszenie, [&hellip;]<\/p>\n","protected":false},"author":21,"featured_media":0,"parent":0,"menu_order":0,"comment_status":"closed","ping_status":"closed","template":"page-templates\/video.php","meta":{"_acf_changed":false,"inline_featured_image":false,"_genesis_hide_title":false,"_genesis_hide_breadcrumbs":false,"_genesis_hide_singular_image":false,"_genesis_hide_footer_widgets":false,"_genesis_custom_body_class":"","_genesis_custom_post_class":"","_genesis_layout":"","footnotes":""},"acf":[],"_links":{"self":[{"href":"https:\/\/easyliner.eu\/pl\/wp-json\/wp\/v2\/pages\/2681"}],"collection":[{"href":"https:\/\/easyliner.eu\/pl\/wp-json\/wp\/v2\/pages"}],"about":[{"href":"https:\/\/easyliner.eu\/pl\/wp-json\/wp\/v2\/types\/page"}],"author":[{"embeddable":true,"href":"https:\/\/easyliner.eu\/pl\/wp-json\/wp\/v2\/users\/21"}],"replies":[{"embeddable":true,"href":"https:\/\/easyliner.eu\/pl\/wp-json\/wp\/v2\/comments?post=2681"}],"version-history":[{"count":2,"href":"https:\/\/easyliner.eu\/pl\/wp-json\/wp\/v2\/pages\/2681\/revisions"}],"predecessor-version":[{"id":2686,"href":"https:\/\/easyliner.eu\/pl\/wp-json\/wp\/v2\/pages\/2681\/revisions\/2686"}],"wp:attachment":[{"href":"https:\/\/easyliner.eu\/pl\/wp-json\/wp\/v2\/media?parent=2681"}],"curies":[{"name":"wp","href":"https:\/\/api.w.org\/{rel}","templated":true}]}}