{"id":2691,"date":"2023-02-21T11:20:58","date_gmt":"2023-02-21T10:20:58","guid":{"rendered":"https:\/\/easyliner.test\/pl\/?page_id=2691"},"modified":"2026-04-23T09:46:27","modified_gmt":"2026-04-23T07:46:27","slug":"philanthropic-responsibility","status":"publish","type":"page","link":"https:\/\/easyliner.eu\/pl\/o-nas\/philanthropic-responsibility\/","title":{"rendered":"Dobroczynno\u015b\u0107"},"content":{"rendered":"<p><span data-sheets-value=\"{&quot;1&quot;:2,&quot;2&quot;:&quot;Firma ALPS pracuje na rzecz wsparcia os\u00f3b niepe\u0142nosprawnych na ca\u0142ym \u015bwiecie, oferuj\u0105c szeroki wachlarz rozwi\u0105za\u0144 w zakresie protez ko\u0144czyn, kt\u00f3re usprawniaj\u0105 ich mobilno\u015b\u0107. Dlatego z dum\u0105 wspieramy i partnerujemy organizacjom, kt\u00f3re nios\u0105 pomoc osobom po amputacji ko\u0144czyny, dostarczaj\u0105c produkty i rozwi\u0105zania poprawiaj\u0105ce jako\u015b\u0107 \u017cycia ludzi.&quot;}\" data-sheets-userformat=\"{&quot;2&quot;:15299,&quot;3&quot;:{&quot;1&quot;:0},&quot;4&quot;:{&quot;1&quot;:2,&quot;2&quot;:65280},&quot;9&quot;:0,&quot;10&quot;:0,&quot;11&quot;:4,&quot;12&quot;:0,&quot;14&quot;:{&quot;1&quot;:2,&quot;2&quot;:3355443},&quot;15&quot;:&quot;Roboto&quot;,&quot;16&quot;:12}\">Firma ALPS pracuje na rzecz wsparcia os\u00f3b niepe\u0142nosprawnych na ca\u0142ym \u015bwiecie, oferuj\u0105c szeroki wachlarz rozwi\u0105za\u0144 w zakresie protez ko\u0144czyn, kt\u00f3re usprawniaj\u0105 ich mobilno\u015b\u0107. Dlatego z dum\u0105 wspieramy i partnerujemy organizacjom, kt\u00f3re nios\u0105 pomoc osobom po amputacji ko\u0144czyny, dostarczaj\u0105c produkty i rozwi\u0105zania poprawiaj\u0105ce jako\u015b\u0107 \u017cycia ludzi. <strong>Making lives better.<\/strong><\/span><\/p>\n","protected":false},"excerpt":{"rendered":"<p>Firma ALPS pracuje na rzecz wsparcia os\u00f3b niepe\u0142nosprawnych na ca\u0142ym \u015bwiecie, oferuj\u0105c szeroki wachlarz rozwi\u0105za\u0144 w zakresie protez ko\u0144czyn, kt\u00f3re [&hellip;]<\/p>\n","protected":false},"author":3,"featured_media":0,"parent":92,"menu_order":0,"comment_status":"closed","ping_status":"closed","template":"page-templates\/philanthropy.php","meta":{"_acf_changed":false,"inline_featured_image":false,"_genesis_hide_title":false,"_genesis_hide_breadcrumbs":false,"_genesis_hide_singular_image":false,"_genesis_hide_footer_widgets":false,"_genesis_custom_body_class":"","_genesis_custom_post_class":"","_genesis_layout":"full-width-content","footnotes":""},"acf":[],"_links":{"self":[{"href":"https:\/\/easyliner.eu\/pl\/wp-json\/wp\/v2\/pages\/2691"}],"collection":[{"href":"https:\/\/easyliner.eu\/pl\/wp-json\/wp\/v2\/pages"}],"about":[{"href":"https:\/\/easyliner.eu\/pl\/wp-json\/wp\/v2\/types\/page"}],"author":[{"embeddable":true,"href":"https:\/\/easyliner.eu\/pl\/wp-json\/wp\/v2\/users\/3"}],"replies":[{"embeddable":true,"href":"https:\/\/easyliner.eu\/pl\/wp-json\/wp\/v2\/comments?post=2691"}],"version-history":[{"count":4,"href":"https:\/\/easyliner.eu\/pl\/wp-json\/wp\/v2\/pages\/2691\/revisions"}],"predecessor-version":[{"id":3096,"href":"https:\/\/easyliner.eu\/pl\/wp-json\/wp\/v2\/pages\/2691\/revisions\/3096"}],"up":[{"embeddable":true,"href":"https:\/\/easyliner.eu\/pl\/wp-json\/wp\/v2\/pages\/92"}],"wp:attachment":[{"href":"https:\/\/easyliner.eu\/pl\/wp-json\/wp\/v2\/media?parent=2691"}],"curies":[{"name":"wp","href":"https:\/\/api.w.org\/{rel}","templated":true}]}}