{"id":270,"date":"2021-12-06T22:12:20","date_gmt":"2021-12-06T21:12:20","guid":{"rendered":"https:\/\/alps.testing-dev.one\/?page_id=270"},"modified":"2023-03-20T12:55:32","modified_gmt":"2023-03-20T11:55:32","slug":"nasze-produkty","status":"publish","type":"page","link":"https:\/\/easyliner.eu\/pl\/nasze-produkty\/","title":{"rendered":"Nasze produkty"},"content":{"rendered":"<p style=\"font-weight: 400;\">Firma ALPS od prawie 30 lat projektuje i produkuje wy\u0142\u0105cznie wysokiej jako\u015bci linery do protez, aby zapewni\u0107 ludziom mo\u017cliwie najwi\u0119ksz\u0105 mobilno\u015b\u0107.<br \/>\n Dzi\u0119ki postawieniu na innowacyjno\u015b\u0107, ALPS, opr\u00f3cz liner\u00f3w, opracowa\u0142a inne wysokiej jako\u015bci produkty do protez, kieruj\u0105c si\u0119 misj\u0105, kt\u00f3ra inspiruje firm\u0119 od 1988 roku: Sprawianie \u017cycia lepszym.<\/p>\n","protected":false},"excerpt":{"rendered":"<p>Firma ALPS od prawie 30 lat projektuje i produkuje wy\u0142\u0105cznie wysokiej jako\u015bci linery do protez, aby zapewni\u0107 ludziom mo\u017cliwie najwi\u0119ksz\u0105 [&hellip;]<\/p>\n","protected":false},"author":1,"featured_media":0,"parent":0,"menu_order":18,"comment_status":"closed","ping_status":"closed","template":"page-templates\/our-products.php","meta":{"_acf_changed":false,"inline_featured_image":false,"_genesis_hide_title":false,"_genesis_hide_breadcrumbs":false,"_genesis_hide_singular_image":false,"_genesis_hide_footer_widgets":false,"_genesis_custom_body_class":"","_genesis_custom_post_class":"","_genesis_layout":"full-width-content","footnotes":""},"acf":[],"_links":{"self":[{"href":"https:\/\/easyliner.eu\/pl\/wp-json\/wp\/v2\/pages\/270"}],"collection":[{"href":"https:\/\/easyliner.eu\/pl\/wp-json\/wp\/v2\/pages"}],"about":[{"href":"https:\/\/easyliner.eu\/pl\/wp-json\/wp\/v2\/types\/page"}],"author":[{"embeddable":true,"href":"https:\/\/easyliner.eu\/pl\/wp-json\/wp\/v2\/users\/1"}],"replies":[{"embeddable":true,"href":"https:\/\/easyliner.eu\/pl\/wp-json\/wp\/v2\/comments?post=270"}],"version-history":[{"count":3,"href":"https:\/\/easyliner.eu\/pl\/wp-json\/wp\/v2\/pages\/270\/revisions"}],"predecessor-version":[{"id":2570,"href":"https:\/\/easyliner.eu\/pl\/wp-json\/wp\/v2\/pages\/270\/revisions\/2570"}],"wp:attachment":[{"href":"https:\/\/easyliner.eu\/pl\/wp-json\/wp\/v2\/media?parent=270"}],"curies":[{"name":"wp","href":"https:\/\/api.w.org\/{rel}","templated":true}]}}