{"id":2952,"date":"2025-06-04T15:03:23","date_gmt":"2025-06-04T13:03:23","guid":{"rendered":"https:\/\/easyliner.eu\/pl\/?page_id=2952"},"modified":"2025-06-04T15:03:23","modified_gmt":"2025-06-04T13:03:23","slug":"krok-po-kroku-jak-przestawiac-sie-miedzy-zawieszeniem-vip-i-vip-lock","status":"publish","type":"page","link":"https:\/\/easyliner.eu\/pl\/krok-po-kroku-jak-przestawiac-sie-miedzy-zawieszeniem-vip-i-vip-lock\/","title":{"rendered":"Krok po kroku: jak przestawia\u0107 si\u0119 mi\u0119dzy zawieszeniem VIP i VIP Lock"},"content":{"rendered":"<p>Odkryj krok po kroku, jak \u0142atwo mo\u017cesz przestawi\u0107 si\u0119 z zawieszenia typu sworze\u0144-zamek na zawieszenie pr\u00f3\u017cniowe, dokonuj\u0105c jedynie niewielkich modyfikacji leja protezowego, korzystaj\u0105c z system\u00f3w ALPS VIP Lock i ALPS VIP.<\/p>\n<p>Na tym filmie demonstracyjnym u\u017cytkownik protezy po amputacji ko\u0144czyny poni\u017cej kolana korzysta z Linera UltraSeal w po\u0142\u0105czeniu z systemem ALPS VIP.<\/p>\n","protected":false},"excerpt":{"rendered":"<p>Odkryj krok po kroku, jak \u0142atwo mo\u017cesz przestawi\u0107 si\u0119 z zawieszenia typu sworze\u0144-zamek na zawieszenie pr\u00f3\u017cniowe, dokonuj\u0105c jedynie niewielkich modyfikacji [&hellip;]<\/p>\n","protected":false},"author":15,"featured_media":0,"parent":0,"menu_order":0,"comment_status":"closed","ping_status":"closed","template":"page-templates\/video.php","meta":{"_acf_changed":false,"inline_featured_image":false,"_genesis_hide_title":false,"_genesis_hide_breadcrumbs":false,"_genesis_hide_singular_image":false,"_genesis_hide_footer_widgets":false,"_genesis_custom_body_class":"","_genesis_custom_post_class":"","_genesis_layout":"full-width-content","footnotes":""},"acf":[],"_links":{"self":[{"href":"https:\/\/easyliner.eu\/pl\/wp-json\/wp\/v2\/pages\/2952"}],"collection":[{"href":"https:\/\/easyliner.eu\/pl\/wp-json\/wp\/v2\/pages"}],"about":[{"href":"https:\/\/easyliner.eu\/pl\/wp-json\/wp\/v2\/types\/page"}],"author":[{"embeddable":true,"href":"https:\/\/easyliner.eu\/pl\/wp-json\/wp\/v2\/users\/15"}],"replies":[{"embeddable":true,"href":"https:\/\/easyliner.eu\/pl\/wp-json\/wp\/v2\/comments?post=2952"}],"version-history":[{"count":2,"href":"https:\/\/easyliner.eu\/pl\/wp-json\/wp\/v2\/pages\/2952\/revisions"}],"predecessor-version":[{"id":2956,"href":"https:\/\/easyliner.eu\/pl\/wp-json\/wp\/v2\/pages\/2952\/revisions\/2956"}],"wp:attachment":[{"href":"https:\/\/easyliner.eu\/pl\/wp-json\/wp\/v2\/media?parent=2952"}],"curies":[{"name":"wp","href":"https:\/\/api.w.org\/{rel}","templated":true}]}}