{"id":3075,"date":"2026-03-02T08:07:46","date_gmt":"2026-03-02T07:07:46","guid":{"rendered":"https:\/\/easyliner.eu\/pl\/?page_id=3075"},"modified":"2026-03-02T08:07:46","modified_gmt":"2026-03-02T07:07:46","slug":"odlew-z-uzyciem-linera-pro-fit-optigel","status":"publish","type":"page","link":"https:\/\/easyliner.eu\/pl\/odlew-z-uzyciem-linera-pro-fit-optigel\/","title":{"rendered":"Odlew z u\u017cyciem linera Pro-Fit OptiGel: przewodnik krok po kroku dla liner\u00f3w \u017celowych ALPS"},"content":{"rendered":"<p>W tym filmie prezentujemy procedur\u0119 wykonywania odlewu z wykorzystaniem linera Pro-Fit OptiGel, wraz z zastosowaniem standardowego schematu post\u0119powania, kt\u00f3ry mo\u017cna zastosowa\u0107 do wszystkich liner\u00f3w \u017celowych ALPS. Ten przewodnik przeprowadzi Ci\u0119 przez wszystkie etapy procesu, podkre\u015blaj\u0105c kluczowe aspekty kliniczne, kt\u00f3re pomagaj\u0105 zapewni\u0107 optymalne dopasowanie leja protezowego, w\u0142a\u015bciwe zarz\u0105dzanie obj\u0119to\u015bci\u0105 kikuta oraz komfort u\u017cytkownika. Poznasz praktyczne wskaz\u00f3wki \u2014 od prawid\u0142owego zak\u0142adania linera po technik\u0119 wykonywania odlewu \u2014 kt\u00f3re pomog\u0105 Ci uzyskiwa\u0107 powtarzalne i przewidywalne wyniki w codziennej praktyce.<\/p>\n","protected":false},"excerpt":{"rendered":"<p>W tym filmie prezentujemy procedur\u0119 wykonywania odlewu z wykorzystaniem linera Pro-Fit OptiGel, wraz z zastosowaniem standardowego schematu post\u0119powania, kt\u00f3ry mo\u017cna [&hellip;]<\/p>\n","protected":false},"author":15,"featured_media":5175,"parent":0,"menu_order":0,"comment_status":"closed","ping_status":"closed","template":"page-templates\/video.php","meta":{"_acf_changed":false,"inline_featured_image":false,"_genesis_hide_title":false,"_genesis_hide_breadcrumbs":false,"_genesis_hide_singular_image":false,"_genesis_hide_footer_widgets":false,"_genesis_custom_body_class":"","_genesis_custom_post_class":"","_genesis_layout":"full-width-content","footnotes":""},"acf":[],"_links":{"self":[{"href":"https:\/\/easyliner.eu\/pl\/wp-json\/wp\/v2\/pages\/3075"}],"collection":[{"href":"https:\/\/easyliner.eu\/pl\/wp-json\/wp\/v2\/pages"}],"about":[{"href":"https:\/\/easyliner.eu\/pl\/wp-json\/wp\/v2\/types\/page"}],"author":[{"embeddable":true,"href":"https:\/\/easyliner.eu\/pl\/wp-json\/wp\/v2\/users\/15"}],"replies":[{"embeddable":true,"href":"https:\/\/easyliner.eu\/pl\/wp-json\/wp\/v2\/comments?post=3075"}],"version-history":[{"count":2,"href":"https:\/\/easyliner.eu\/pl\/wp-json\/wp\/v2\/pages\/3075\/revisions"}],"predecessor-version":[{"id":3078,"href":"https:\/\/easyliner.eu\/pl\/wp-json\/wp\/v2\/pages\/3075\/revisions\/3078"}],"wp:featuredmedia":[{"embeddable":true,"href":"https:\/\/easyliner.eu\/pl\/wp-json\/"}],"wp:attachment":[{"href":"https:\/\/easyliner.eu\/pl\/wp-json\/wp\/v2\/media?parent=3075"}],"curies":[{"name":"wp","href":"https:\/\/api.w.org\/{rel}","templated":true}]}}