{"id":360,"date":"2021-12-09T17:25:01","date_gmt":"2021-12-09T16:25:01","guid":{"rendered":"https:\/\/alps.testing-dev.one\/?page_id=360"},"modified":"2023-03-20T12:55:45","modified_gmt":"2023-03-20T11:55:45","slug":"ambasadorzy","status":"publish","type":"page","link":"https:\/\/easyliner.eu\/pl\/ambasadorzy\/","title":{"rendered":"Ambasadorzy"},"content":{"rendered":"<p>Daj si\u0119 zainspirowa\u0107 historiami, kt\u00f3re codziennie motywuj\u0105 nas do podejmowania wysi\u0142k\u00f3w w celu poprawy \u017cycia i mobilno\u015bci ludzi, kt\u00f3rzy stracili nog\u0119.<br \/>\n To s\u0105 historie ludzi, kt\u00f3rzy znale\u017ali motywacj\u0119 i si\u0142\u0119, aby zacz\u0105\u0107 od nowa, aby wzi\u0105\u0107 \u017cycie w swoje r\u0119ce i zrobi\u0107 z niego co\u015b cennego i unikalnego.<\/p>\n","protected":false},"excerpt":{"rendered":"<p>Daj si\u0119 zainspirowa\u0107 historiami, kt\u00f3re codziennie motywuj\u0105 nas do podejmowania wysi\u0142k\u00f3w w celu poprawy \u017cycia i mobilno\u015bci ludzi, kt\u00f3rzy stracili [&hellip;]<\/p>\n","protected":false},"author":1,"featured_media":0,"parent":0,"menu_order":17,"comment_status":"closed","ping_status":"closed","template":"page-templates\/testimonials.php","meta":{"_acf_changed":false,"inline_featured_image":false,"_genesis_hide_title":false,"_genesis_hide_breadcrumbs":false,"_genesis_hide_singular_image":false,"_genesis_hide_footer_widgets":false,"_genesis_custom_body_class":"","_genesis_custom_post_class":"","_genesis_layout":"full-width-content","footnotes":""},"acf":[],"_links":{"self":[{"href":"https:\/\/easyliner.eu\/pl\/wp-json\/wp\/v2\/pages\/360"}],"collection":[{"href":"https:\/\/easyliner.eu\/pl\/wp-json\/wp\/v2\/pages"}],"about":[{"href":"https:\/\/easyliner.eu\/pl\/wp-json\/wp\/v2\/types\/page"}],"author":[{"embeddable":true,"href":"https:\/\/easyliner.eu\/pl\/wp-json\/wp\/v2\/users\/1"}],"replies":[{"embeddable":true,"href":"https:\/\/easyliner.eu\/pl\/wp-json\/wp\/v2\/comments?post=360"}],"version-history":[{"count":5,"href":"https:\/\/easyliner.eu\/pl\/wp-json\/wp\/v2\/pages\/360\/revisions"}],"predecessor-version":[{"id":2571,"href":"https:\/\/easyliner.eu\/pl\/wp-json\/wp\/v2\/pages\/360\/revisions\/2571"}],"wp:attachment":[{"href":"https:\/\/easyliner.eu\/pl\/wp-json\/wp\/v2\/media?parent=360"}],"curies":[{"name":"wp","href":"https:\/\/api.w.org\/{rel}","templated":true}]}}