{"id":415,"date":"2021-12-11T01:13:38","date_gmt":"2021-12-11T00:13:38","guid":{"rendered":"https:\/\/alps.testing-dev.one\/?page_id=415"},"modified":"2026-03-30T15:04:28","modified_gmt":"2026-03-30T13:04:28","slug":"specjalisci","status":"publish","type":"page","link":"https:\/\/easyliner.eu\/pl\/specjalisci\/","title":{"rendered":"Specjali\u015bci"},"content":{"rendered":"<p>Witamy w sekcji strony przeznaczonej dla specjalist\u00f3w, kt\u00f3rzy wspieraj\u0105 u\u017cytkownik\u00f3w protez. Znajdziesz tu mn\u00f3stwo materia\u0142\u00f3w, kt\u00f3re firma ALPS opracowa\u0142a specjalnie dla Ciebie i z my\u015bl\u0105 o pracy, kt\u00f3r\u0105 wykonujesz: katalogi, instrukcje, tutoriale, narz\u0119dzia pomagaj\u0105ce w doborze produkt\u00f3w i wiele innych.<\/p>\n","protected":false},"excerpt":{"rendered":"<p>Witamy w sekcji strony przeznaczonej dla specjalist\u00f3w, kt\u00f3rzy wspieraj\u0105 u\u017cytkownik\u00f3w protez. Znajdziesz tu mn\u00f3stwo materia\u0142\u00f3w, kt\u00f3re firma ALPS opracowa\u0142a specjalnie [&hellip;]<\/p>\n","protected":false},"author":1,"featured_media":1335,"parent":0,"menu_order":12,"comment_status":"closed","ping_status":"closed","template":"page-templates\/professionals.php","meta":{"_acf_changed":false,"inline_featured_image":false,"_genesis_hide_title":false,"_genesis_hide_breadcrumbs":false,"_genesis_hide_singular_image":false,"_genesis_hide_footer_widgets":false,"_genesis_custom_body_class":"","_genesis_custom_post_class":"","_genesis_layout":"full-width-content","footnotes":""},"acf":[],"_links":{"self":[{"href":"https:\/\/easyliner.eu\/pl\/wp-json\/wp\/v2\/pages\/415"}],"collection":[{"href":"https:\/\/easyliner.eu\/pl\/wp-json\/wp\/v2\/pages"}],"about":[{"href":"https:\/\/easyliner.eu\/pl\/wp-json\/wp\/v2\/types\/page"}],"author":[{"embeddable":true,"href":"https:\/\/easyliner.eu\/pl\/wp-json\/wp\/v2\/users\/1"}],"replies":[{"embeddable":true,"href":"https:\/\/easyliner.eu\/pl\/wp-json\/wp\/v2\/comments?post=415"}],"version-history":[{"count":99,"href":"https:\/\/easyliner.eu\/pl\/wp-json\/wp\/v2\/pages\/415\/revisions"}],"predecessor-version":[{"id":3093,"href":"https:\/\/easyliner.eu\/pl\/wp-json\/wp\/v2\/pages\/415\/revisions\/3093"}],"wp:featuredmedia":[{"embeddable":true,"href":"https:\/\/easyliner.eu\/pl\/wp-json\/wp\/v2\/media\/1335"}],"wp:attachment":[{"href":"https:\/\/easyliner.eu\/pl\/wp-json\/wp\/v2\/media?parent=415"}],"curies":[{"name":"wp","href":"https:\/\/api.w.org\/{rel}","templated":true}]}}